{"id":196,"date":"2022-06-30T11:59:06","date_gmt":"2022-06-30T09:59:06","guid":{"rendered":"https:\/\/huissierlamadeleine-renard.com\/index.php\/contact-2\/"},"modified":"2025-06-02T08:55:13","modified_gmt":"2025-06-02T06:55:13","slug":"contact-2","status":"publish","type":"page","link":"https:\/\/huissierlamadeleine-renard.com\/index.php\/contact-2\/","title":{"rendered":"Contact"},"content":{"rendered":"\t\t<div data-elementor-type=\"wp-post\" data-elementor-id=\"196\" class=\"elementor elementor-196\" data-elementor-post-type=\"page\">\n\t\t\t\t\t\t<section class=\"elementor-section elementor-top-section elementor-element elementor-element-2a4a8cb0 elementor-section-height-min-height elementor-section-boxed elementor-section-height-default elementor-section-items-middle\" data-id=\"2a4a8cb0\" data-element_type=\"section\" data-settings=\"{&quot;background_background&quot;:&quot;classic&quot;}\">\n\t\t\t\t\t\t\t<div class=\"elementor-background-overlay\"><\/div>\n\t\t\t\t\t\t\t<div class=\"elementor-container elementor-column-gap-default\">\n\t\t\t\t\t<div class=\"elementor-column elementor-col-50 elementor-top-column elementor-element elementor-element-2145c7e0\" data-id=\"2145c7e0\" data-element_type=\"column\">\n\t\t\t<div class=\"elementor-widget-wrap elementor-element-populated\">\n\t\t\t\t\t\t<div class=\"elementor-element elementor-element-b01dd4b elementor-widget elementor-widget-heading\" data-id=\"b01dd4b\" data-element_type=\"widget\" data-widget_type=\"heading.default\">\n\t\t\t\t<div class=\"elementor-widget-container\">\n\t\t\t\t\t<h2 class=\"elementor-heading-title elementor-size-default\">Nous vous assistons 7j\/7<\/h2>\t\t\t\t<\/div>\n\t\t\t\t<\/div>\n\t\t\t\t<div class=\"elementor-element elementor-element-7acd87bf elementor-widget elementor-widget-heading\" data-id=\"7acd87bf\" data-element_type=\"widget\" data-widget_type=\"heading.default\">\n\t\t\t\t<div class=\"elementor-widget-container\">\n\t\t\t\t\t<h2 class=\"elementor-heading-title elementor-size-default\">Besoin d'un Commissaire de Justice ?<\/h2>\t\t\t\t<\/div>\n\t\t\t\t<\/div>\n\t\t\t\t<div class=\"elementor-element elementor-element-55c63cb5 elementor-widget elementor-widget-text-editor\" data-id=\"55c63cb5\" data-element_type=\"widget\" data-widget_type=\"text-editor.default\">\n\t\t\t\t<div class=\"elementor-widget-container\">\n\t\t\t\t\t\t\t\t\t<p><strong>Vous pouvez utiliser le formulaire de contact suivant si vous d\u00e9sirez nous envoyer un message ou \u00eatre recontact\u00e9.<\/strong><\/p><div><p>Nous vous r\u00e9pondrons dans les plus brefs d\u00e9lais.<\/p><\/div>\t\t\t\t\t\t\t\t<\/div>\n\t\t\t\t<\/div>\n\t\t\t\t<div class=\"elementor-element elementor-element-4436da36 elementor-tablet-align-center elementor-icon-list--layout-traditional elementor-list-item-link-full_width elementor-widget elementor-widget-icon-list\" data-id=\"4436da36\" data-element_type=\"widget\" data-widget_type=\"icon-list.default\">\n\t\t\t\t<div class=\"elementor-widget-container\">\n\t\t\t\t\t\t\t<ul class=\"elementor-icon-list-items\">\n\t\t\t\t\t\t\t<li class=\"elementor-icon-list-item\">\n\t\t\t\t\t\t\t\t\t\t\t<a href=\"https:\/\/maps.app.goo.gl\/kbdMZyinaKi3b35c6\">\n\n\t\t\t\t\t\t\t\t\t\t\t\t<span class=\"elementor-icon-list-icon\">\n\t\t\t\t\t\t\t<i aria-hidden=\"true\" class=\"fas fa-map-marker-alt\"><\/i>\t\t\t\t\t\t<\/span>\n\t\t\t\t\t\t\t\t\t\t<span class=\"elementor-icon-list-text\">100 Rue Jeanne Maillotte, 59110 La Madeleine<\/span>\n\t\t\t\t\t\t\t\t\t\t\t<\/a>\n\t\t\t\t\t\t\t\t\t<\/li>\n\t\t\t\t\t\t\t\t<li class=\"elementor-icon-list-item\">\n\t\t\t\t\t\t\t\t\t\t\t<a href=\"mailto:%20contact@huissierlamadeleine-renard.com\">\n\n\t\t\t\t\t\t\t\t\t\t\t\t<span class=\"elementor-icon-list-icon\">\n\t\t\t\t\t\t\t<i aria-hidden=\"true\" class=\"fas fa-envelope\"><\/i>\t\t\t\t\t\t<\/span>\n\t\t\t\t\t\t\t\t\t\t<span class=\"elementor-icon-list-text\">contact@huissierlamadeleine-renard.com<\/span>\n\t\t\t\t\t\t\t\t\t\t\t<\/a>\n\t\t\t\t\t\t\t\t\t<\/li>\n\t\t\t\t\t\t\t\t<li class=\"elementor-icon-list-item\">\n\t\t\t\t\t\t\t\t\t\t\t<a href=\"tel:0320672844\">\n\n\t\t\t\t\t\t\t\t\t\t\t\t<span class=\"elementor-icon-list-icon\">\n\t\t\t\t\t\t\t<i aria-hidden=\"true\" class=\"fas fa-phone\"><\/i>\t\t\t\t\t\t<\/span>\n\t\t\t\t\t\t\t\t\t\t<span class=\"elementor-icon-list-text\">03 20 67 28 44<\/span>\n\t\t\t\t\t\t\t\t\t\t\t<\/a>\n\t\t\t\t\t\t\t\t\t<\/li>\n\t\t\t\t\t\t<\/ul>\n\t\t\t\t\t\t<\/div>\n\t\t\t\t<\/div>\n\t\t\t\t\t<\/div>\n\t\t<\/div>\n\t\t\t\t<div class=\"elementor-column elementor-col-50 elementor-top-column elementor-element elementor-element-612a3798\" data-id=\"612a3798\" data-element_type=\"column\" data-settings=\"{&quot;background_background&quot;:&quot;classic&quot;}\">\n\t\t\t<div class=\"elementor-widget-wrap elementor-element-populated\">\n\t\t\t\t\t\t<div class=\"elementor-element elementor-element-38b3a333 elementor-button-align-end elementor-widget elementor-widget-form\" data-id=\"38b3a333\" data-element_type=\"widget\" data-settings=\"{&quot;step_next_label&quot;:&quot;Suivant&quot;,&quot;step_previous_label&quot;:&quot;Pr\\u00e9c\\u00e9dant&quot;,&quot;button_width&quot;:&quot;100&quot;,&quot;step_type&quot;:&quot;number_text&quot;,&quot;step_icon_shape&quot;:&quot;circle&quot;}\" data-widget_type=\"form.default\">\n\t\t\t\t<div class=\"elementor-widget-container\">\n\t\t\t\t\t\t\t<form class=\"elementor-form\" method=\"post\" name=\"New Form\">\n\t\t\t<input type=\"hidden\" name=\"post_id\" value=\"196\"\/>\n\t\t\t<input type=\"hidden\" name=\"form_id\" value=\"38b3a333\"\/>\n\t\t\t<input type=\"hidden\" name=\"referer_title\" value=\"Huissier de Justice &#8211; La Madeleine\" \/>\n\n\t\t\t\n\t\t\t<div class=\"elementor-form-fields-wrapper elementor-labels-\">\n\t\t\t\t\t\t\t\t<div class=\"elementor-field-type-text elementor-field-group elementor-column elementor-field-group-name elementor-col-50\">\n\t\t\t\t\t\t\t\t\t\t\t\t<label for=\"form-field-name\" class=\"elementor-field-label elementor-screen-only\">\n\t\t\t\t\t\t\t\tNom\t\t\t\t\t\t\t<\/label>\n\t\t\t\t\t\t\t\t\t\t\t\t\t\t<input size=\"1\" type=\"text\" name=\"form_fields[name]\" id=\"form-field-name\" class=\"elementor-field elementor-size-md  elementor-field-textual\" placeholder=\"Nom et Pr\u00e9nom\">\n\t\t\t\t\t\t\t\t\t\t\t<\/div>\n\t\t\t\t\t\t\t\t<div class=\"elementor-field-type-email elementor-field-group elementor-column elementor-field-group-email elementor-col-50 elementor-field-required\">\n\t\t\t\t\t\t\t\t\t\t\t\t<label for=\"form-field-email\" class=\"elementor-field-label elementor-screen-only\">\n\t\t\t\t\t\t\t\tEmail\t\t\t\t\t\t\t<\/label>\n\t\t\t\t\t\t\t\t\t\t\t\t\t\t<input size=\"1\" type=\"email\" name=\"form_fields[email]\" id=\"form-field-email\" class=\"elementor-field elementor-size-md  elementor-field-textual\" placeholder=\"Email\" required=\"required\">\n\t\t\t\t\t\t\t\t\t\t\t<\/div>\n\t\t\t\t\t\t\t\t<div class=\"elementor-field-type-tel elementor-field-group elementor-column elementor-field-group-field_1 elementor-col-50 elementor-field-required\">\n\t\t\t\t\t\t\t\t\t\t\t\t<label for=\"form-field-field_1\" class=\"elementor-field-label elementor-screen-only\">\n\t\t\t\t\t\t\t\tT\u00e9l\u00e9phone\t\t\t\t\t\t\t<\/label>\n\t\t\t\t\t\t\t\t<input size=\"1\" type=\"tel\" name=\"form_fields[field_1]\" id=\"form-field-field_1\" class=\"elementor-field elementor-size-md  elementor-field-textual\" placeholder=\"Phone\" required=\"required\" pattern=\"[0-9()#&amp;+*-=.]+\" title=\"Seuls les caract\u00e8res de num\u00e9ros de t\u00e9l\u00e9phone (#, -, *, etc.) sont accept\u00e9s.\">\n\n\t\t\t\t\t\t<\/div>\n\t\t\t\t\t\t\t\t<div class=\"elementor-field-type-text elementor-field-group elementor-column elementor-field-group-field_2 elementor-col-50 elementor-field-required\">\n\t\t\t\t\t\t\t\t\t\t\t\t<label for=\"form-field-field_2\" class=\"elementor-field-label elementor-screen-only\">\n\t\t\t\t\t\t\t\tSujet\t\t\t\t\t\t\t<\/label>\n\t\t\t\t\t\t\t\t\t\t\t\t\t\t<input size=\"1\" type=\"text\" name=\"form_fields[field_2]\" id=\"form-field-field_2\" class=\"elementor-field elementor-size-md  elementor-field-textual\" placeholder=\"Sujet\" required=\"required\">\n\t\t\t\t\t\t\t\t\t\t\t<\/div>\n\t\t\t\t\t\t\t\t<div class=\"elementor-field-type-textarea elementor-field-group elementor-column elementor-field-group-message elementor-col-100\">\n\t\t\t\t\t\t\t\t\t\t\t\t<label for=\"form-field-message\" class=\"elementor-field-label elementor-screen-only\">\n\t\t\t\t\t\t\t\tVotre message\t\t\t\t\t\t\t<\/label>\n\t\t\t\t\t\t<textarea class=\"elementor-field-textual elementor-field  elementor-size-md\" name=\"form_fields[message]\" id=\"form-field-message\" rows=\"6\" placeholder=\"Votre message\"><\/textarea>\t\t\t\t<\/div>\n\t\t\t\t\t\t\t\t<div class=\"elementor-field-group elementor-column elementor-field-type-submit elementor-col-100 e-form__buttons\">\n\t\t\t\t\t<button class=\"elementor-button elementor-size-md\" type=\"submit\">\n\t\t\t\t\t\t<span class=\"elementor-button-content-wrapper\">\n\t\t\t\t\t\t\t\t\t\t\t\t\t\t\t<span class=\"elementor-button-icon\">\n\t\t\t\t\t\t\t\t\t<i aria-hidden=\"true\" class=\"fas fa-chevron-right\"><\/i>\t\t\t\t\t\t\t\t\t\t\t\t\t\t\t\t\t<\/span>\n\t\t\t\t\t\t\t\t\t\t\t\t\t\t\t\t\t\t\t\t\t\t<span class=\"elementor-button-text\">Envoyer<\/span>\n\t\t\t\t\t\t\t\t\t\t\t\t\t<\/span>\n\t\t\t\t\t<\/button>\n\t\t\t\t<\/div>\n\t\t\t<\/div>\n\t\t<\/form>\n\t\t\t\t\t\t<\/div>\n\t\t\t\t<\/div>\n\t\t\t\t\t<\/div>\n\t\t<\/div>\n\t\t\t\t\t<\/div>\n\t\t<\/section>\n\t\t\t\t<section class=\"elementor-section elementor-top-section elementor-element elementor-element-16784fc elementor-section-full_width elementor-section-height-default elementor-section-height-default\" data-id=\"16784fc\" data-element_type=\"section\">\n\t\t\t\t\t\t<div class=\"elementor-container elementor-column-gap-no\">\n\t\t\t\t\t<div class=\"elementor-column elementor-col-100 elementor-top-column elementor-element elementor-element-edad42e\" data-id=\"edad42e\" data-element_type=\"column\">\n\t\t\t<div class=\"elementor-widget-wrap elementor-element-populated\">\n\t\t\t\t\t\t<div class=\"elementor-element elementor-element-8d0233c elementor-widget__width-inherit elementor-widget elementor-widget-google_maps\" data-id=\"8d0233c\" data-element_type=\"widget\" data-widget_type=\"google_maps.default\">\n\t\t\t\t<div class=\"elementor-widget-container\">\n\t\t\t\t\t\t\t<div class=\"elementor-custom-embed\">\n\t\t\t<iframe loading=\"lazy\"\n\t\t\t\t\tsrc=\"https:\/\/maps.google.com\/maps?q=100%20Rue%20Jeanne%20Maillotte%20la%20madeleine%2059110&#038;t=m&#038;z=15&#038;output=embed&#038;iwloc=near\"\n\t\t\t\t\ttitle=\"100 Rue Jeanne Maillotte la madeleine 59110\"\n\t\t\t\t\taria-label=\"100 Rue Jeanne Maillotte la madeleine 59110\"\n\t\t\t><\/iframe>\n\t\t<\/div>\n\t\t\t\t\t\t<\/div>\n\t\t\t\t<\/div>\n\t\t\t\t\t<\/div>\n\t\t<\/div>\n\t\t\t\t\t<\/div>\n\t\t<\/section>\n\t\t\t\t<\/div>\n\t\t","protected":false},"excerpt":{"rendered":"<p>Nous vous assistons 7j\/7 Besoin d&rsquo;un Commissaire de Justice ? Vous pouvez utiliser le formulaire de contact suivant si vous d\u00e9sirez nous envoyer un message ou \u00eatre recontact\u00e9. Nous vous r\u00e9pondrons dans les plus brefs d\u00e9lais. 100 Rue Jeanne Maillotte, 59110 La Madeleine contact@huissierlamadeleine-renard.com 03 20 67 28 44<\/p>\n","protected":false},"author":1,"featured_media":201,"parent":0,"menu_order":0,"comment_status":"closed","ping_status":"closed","template":"elementor_header_footer","meta":{"_monsterinsights_skip_tracking":false,"_monsterinsights_sitenote_active":false,"_monsterinsights_sitenote_note":"","_monsterinsights_sitenote_category":0,"footnotes":""},"class_list":["post-196","page","type-page","status-publish","has-post-thumbnail","hentry"],"yoast_head":"<!-- This site is optimized with the Yoast SEO plugin v25.2 - https:\/\/yoast.com\/wordpress\/plugins\/seo\/ -->\n<title>Contact - Huissier de Justice - La Madeleine<\/title>\n<meta name=\"robots\" content=\"index, follow, max-snippet:-1, max-image-preview:large, max-video-preview:-1\" \/>\n<link rel=\"canonical\" href=\"https:\/\/huissierlamadeleine-renard.com\/index.php\/contact-2\/\" \/>\n<meta property=\"og:locale\" content=\"fr_FR\" \/>\n<meta property=\"og:type\" content=\"article\" \/>\n<meta property=\"og:title\" content=\"Contact - Huissier de Justice - La Madeleine\" \/>\n<meta property=\"og:description\" content=\"Nous vous assistons 7j\/7 Besoin d&rsquo;un Commissaire de Justice ? Vous pouvez utiliser le formulaire de contact suivant si vous d\u00e9sirez nous envoyer un message ou \u00eatre recontact\u00e9. Nous vous r\u00e9pondrons dans les plus brefs d\u00e9lais. 100 Rue Jeanne Maillotte, 59110 La Madeleine contact@huissierlamadeleine-renard.com 03 20 67 28 44\" \/>\n<meta property=\"og:url\" content=\"https:\/\/huissierlamadeleine-renard.com\/index.php\/contact-2\/\" \/>\n<meta property=\"og:site_name\" content=\"Huissier de Justice - La Madeleine\" \/>\n<meta property=\"article:modified_time\" content=\"2025-06-02T06:55:13+00:00\" \/>\n<meta property=\"og:image\" content=\"https:\/\/huissierlamadeleine-renard.com\/wp-content\/uploads\/2022\/06\/Contact-Us.jpg\" \/>\n\t<meta property=\"og:image:width\" content=\"400\" \/>\n\t<meta property=\"og:image:height\" content=\"380\" \/>\n\t<meta property=\"og:image:type\" content=\"image\/jpeg\" \/>\n<meta name=\"twitter:card\" content=\"summary_large_image\" \/>\n<meta name=\"twitter:label1\" content=\"Dur\u00e9e de lecture estim\u00e9e\" \/>\n\t<meta name=\"twitter:data1\" content=\"1 minute\" \/>\n<script type=\"application\/ld+json\" class=\"yoast-schema-graph\">{\"@context\":\"https:\/\/schema.org\",\"@graph\":[{\"@type\":\"WebPage\",\"@id\":\"https:\/\/huissierlamadeleine-renard.com\/index.php\/contact-2\/\",\"url\":\"https:\/\/huissierlamadeleine-renard.com\/index.php\/contact-2\/\",\"name\":\"Contact - Huissier de Justice - La Madeleine\",\"isPartOf\":{\"@id\":\"https:\/\/huissierlamadeleine-renard.com\/#website\"},\"primaryImageOfPage\":{\"@id\":\"https:\/\/huissierlamadeleine-renard.com\/index.php\/contact-2\/#primaryimage\"},\"image\":{\"@id\":\"https:\/\/huissierlamadeleine-renard.com\/index.php\/contact-2\/#primaryimage\"},\"thumbnailUrl\":\"https:\/\/huissierlamadeleine-renard.com\/wp-content\/uploads\/2022\/06\/Contact-Us.jpg\",\"datePublished\":\"2022-06-30T09:59:06+00:00\",\"dateModified\":\"2025-06-02T06:55:13+00:00\",\"breadcrumb\":{\"@id\":\"https:\/\/huissierlamadeleine-renard.com\/index.php\/contact-2\/#breadcrumb\"},\"inLanguage\":\"fr-FR\",\"potentialAction\":[{\"@type\":\"ReadAction\",\"target\":[\"https:\/\/huissierlamadeleine-renard.com\/index.php\/contact-2\/\"]}]},{\"@type\":\"ImageObject\",\"inLanguage\":\"fr-FR\",\"@id\":\"https:\/\/huissierlamadeleine-renard.com\/index.php\/contact-2\/#primaryimage\",\"url\":\"https:\/\/huissierlamadeleine-renard.com\/wp-content\/uploads\/2022\/06\/Contact-Us.jpg\",\"contentUrl\":\"https:\/\/huissierlamadeleine-renard.com\/wp-content\/uploads\/2022\/06\/Contact-Us.jpg\",\"width\":400,\"height\":380},{\"@type\":\"BreadcrumbList\",\"@id\":\"https:\/\/huissierlamadeleine-renard.com\/index.php\/contact-2\/#breadcrumb\",\"itemListElement\":[{\"@type\":\"ListItem\",\"position\":1,\"name\":\"Accueil\",\"item\":\"https:\/\/huissierlamadeleine-renard.com\/\"},{\"@type\":\"ListItem\",\"position\":2,\"name\":\"Contact\"}]},{\"@type\":\"WebSite\",\"@id\":\"https:\/\/huissierlamadeleine-renard.com\/#website\",\"url\":\"https:\/\/huissierlamadeleine-renard.com\/\",\"name\":\"Huissier de Justice - La Madeleine\",\"description\":\"\",\"publisher\":{\"@id\":\"https:\/\/huissierlamadeleine-renard.com\/#organization\"},\"potentialAction\":[{\"@type\":\"SearchAction\",\"target\":{\"@type\":\"EntryPoint\",\"urlTemplate\":\"https:\/\/huissierlamadeleine-renard.com\/?s={search_term_string}\"},\"query-input\":{\"@type\":\"PropertyValueSpecification\",\"valueRequired\":true,\"valueName\":\"search_term_string\"}}],\"inLanguage\":\"fr-FR\"},{\"@type\":\"Organization\",\"@id\":\"https:\/\/huissierlamadeleine-renard.com\/#organization\",\"name\":\"Etude Commissaire de Justice La Madeleine\",\"url\":\"https:\/\/huissierlamadeleine-renard.com\/\",\"logo\":{\"@type\":\"ImageObject\",\"inLanguage\":\"fr-FR\",\"@id\":\"https:\/\/huissierlamadeleine-renard.com\/#\/schema\/logo\/image\/\",\"url\":\"https:\/\/huissierlamadeleine-renard.com\/wp-content\/uploads\/2022\/06\/Logo_Menu-commissaire-de-justice.svg\",\"contentUrl\":\"https:\/\/huissierlamadeleine-renard.com\/wp-content\/uploads\/2022\/06\/Logo_Menu-commissaire-de-justice.svg\",\"width\":2024,\"height\":502,\"caption\":\"Etude Commissaire de Justice La Madeleine\"},\"image\":{\"@id\":\"https:\/\/huissierlamadeleine-renard.com\/#\/schema\/logo\/image\/\"}}]}<\/script>\n<!-- \/ Yoast SEO plugin. -->","yoast_head_json":{"title":"Contact - Huissier de Justice - La Madeleine","robots":{"index":"index","follow":"follow","max-snippet":"max-snippet:-1","max-image-preview":"max-image-preview:large","max-video-preview":"max-video-preview:-1"},"canonical":"https:\/\/huissierlamadeleine-renard.com\/index.php\/contact-2\/","og_locale":"fr_FR","og_type":"article","og_title":"Contact - Huissier de Justice - La Madeleine","og_description":"Nous vous assistons 7j\/7 Besoin d&rsquo;un Commissaire de Justice ? Vous pouvez utiliser le formulaire de contact suivant si vous d\u00e9sirez nous envoyer un message ou \u00eatre recontact\u00e9. Nous vous r\u00e9pondrons dans les plus brefs d\u00e9lais. 100 Rue Jeanne Maillotte, 59110 La Madeleine contact@huissierlamadeleine-renard.com 03 20 67 28 44","og_url":"https:\/\/huissierlamadeleine-renard.com\/index.php\/contact-2\/","og_site_name":"Huissier de Justice - La Madeleine","article_modified_time":"2025-06-02T06:55:13+00:00","og_image":[{"width":400,"height":380,"url":"https:\/\/huissierlamadeleine-renard.com\/wp-content\/uploads\/2022\/06\/Contact-Us.jpg","type":"image\/jpeg"}],"twitter_card":"summary_large_image","twitter_misc":{"Dur\u00e9e de lecture estim\u00e9e":"1 minute"},"schema":{"@context":"https:\/\/schema.org","@graph":[{"@type":"WebPage","@id":"https:\/\/huissierlamadeleine-renard.com\/index.php\/contact-2\/","url":"https:\/\/huissierlamadeleine-renard.com\/index.php\/contact-2\/","name":"Contact - Huissier de Justice - La Madeleine","isPartOf":{"@id":"https:\/\/huissierlamadeleine-renard.com\/#website"},"primaryImageOfPage":{"@id":"https:\/\/huissierlamadeleine-renard.com\/index.php\/contact-2\/#primaryimage"},"image":{"@id":"https:\/\/huissierlamadeleine-renard.com\/index.php\/contact-2\/#primaryimage"},"thumbnailUrl":"https:\/\/huissierlamadeleine-renard.com\/wp-content\/uploads\/2022\/06\/Contact-Us.jpg","datePublished":"2022-06-30T09:59:06+00:00","dateModified":"2025-06-02T06:55:13+00:00","breadcrumb":{"@id":"https:\/\/huissierlamadeleine-renard.com\/index.php\/contact-2\/#breadcrumb"},"inLanguage":"fr-FR","potentialAction":[{"@type":"ReadAction","target":["https:\/\/huissierlamadeleine-renard.com\/index.php\/contact-2\/"]}]},{"@type":"ImageObject","inLanguage":"fr-FR","@id":"https:\/\/huissierlamadeleine-renard.com\/index.php\/contact-2\/#primaryimage","url":"https:\/\/huissierlamadeleine-renard.com\/wp-content\/uploads\/2022\/06\/Contact-Us.jpg","contentUrl":"https:\/\/huissierlamadeleine-renard.com\/wp-content\/uploads\/2022\/06\/Contact-Us.jpg","width":400,"height":380},{"@type":"BreadcrumbList","@id":"https:\/\/huissierlamadeleine-renard.com\/index.php\/contact-2\/#breadcrumb","itemListElement":[{"@type":"ListItem","position":1,"name":"Accueil","item":"https:\/\/huissierlamadeleine-renard.com\/"},{"@type":"ListItem","position":2,"name":"Contact"}]},{"@type":"WebSite","@id":"https:\/\/huissierlamadeleine-renard.com\/#website","url":"https:\/\/huissierlamadeleine-renard.com\/","name":"Huissier de Justice - La Madeleine","description":"","publisher":{"@id":"https:\/\/huissierlamadeleine-renard.com\/#organization"},"potentialAction":[{"@type":"SearchAction","target":{"@type":"EntryPoint","urlTemplate":"https:\/\/huissierlamadeleine-renard.com\/?s={search_term_string}"},"query-input":{"@type":"PropertyValueSpecification","valueRequired":true,"valueName":"search_term_string"}}],"inLanguage":"fr-FR"},{"@type":"Organization","@id":"https:\/\/huissierlamadeleine-renard.com\/#organization","name":"Etude Commissaire de Justice La Madeleine","url":"https:\/\/huissierlamadeleine-renard.com\/","logo":{"@type":"ImageObject","inLanguage":"fr-FR","@id":"https:\/\/huissierlamadeleine-renard.com\/#\/schema\/logo\/image\/","url":"https:\/\/huissierlamadeleine-renard.com\/wp-content\/uploads\/2022\/06\/Logo_Menu-commissaire-de-justice.svg","contentUrl":"https:\/\/huissierlamadeleine-renard.com\/wp-content\/uploads\/2022\/06\/Logo_Menu-commissaire-de-justice.svg","width":2024,"height":502,"caption":"Etude Commissaire de Justice La Madeleine"},"image":{"@id":"https:\/\/huissierlamadeleine-renard.com\/#\/schema\/logo\/image\/"}}]}},"_links":{"self":[{"href":"https:\/\/huissierlamadeleine-renard.com\/index.php\/wp-json\/wp\/v2\/pages\/196","targetHints":{"allow":["GET"]}}],"collection":[{"href":"https:\/\/huissierlamadeleine-renard.com\/index.php\/wp-json\/wp\/v2\/pages"}],"about":[{"href":"https:\/\/huissierlamadeleine-renard.com\/index.php\/wp-json\/wp\/v2\/types\/page"}],"author":[{"embeddable":true,"href":"https:\/\/huissierlamadeleine-renard.com\/index.php\/wp-json\/wp\/v2\/users\/1"}],"replies":[{"embeddable":true,"href":"https:\/\/huissierlamadeleine-renard.com\/index.php\/wp-json\/wp\/v2\/comments?post=196"}],"version-history":[{"count":35,"href":"https:\/\/huissierlamadeleine-renard.com\/index.php\/wp-json\/wp\/v2\/pages\/196\/revisions"}],"predecessor-version":[{"id":746,"href":"https:\/\/huissierlamadeleine-renard.com\/index.php\/wp-json\/wp\/v2\/pages\/196\/revisions\/746"}],"wp:featuredmedia":[{"embeddable":true,"href":"https:\/\/huissierlamadeleine-renard.com\/index.php\/wp-json\/wp\/v2\/media\/201"}],"wp:attachment":[{"href":"https:\/\/huissierlamadeleine-renard.com\/index.php\/wp-json\/wp\/v2\/media?parent=196"}],"curies":[{"name":"wp","href":"https:\/\/api.w.org\/{rel}","templated":true}]}}